{"id":104,"date":"2021-01-01T18:11:18","date_gmt":"2021-01-01T18:11:18","guid":{"rendered":"http:\/\/www.grajos.pl\/?post_type=product&#038;p=104"},"modified":"2026-02-01T12:52:16","modified_gmt":"2026-02-01T12:52:16","slug":"opalitki-biale-polskie","status":"publish","type":"product","link":"https:\/\/www.grajos.pl\/index.php\/produkt\/opalitki-biale-polskie\/","title":{"rendered":"Opalitki bia\u0142e pelskie"},"content":{"rendered":"<h3>Kolory znakowania matek- 1szt<\/h3>\n<p>Na ca\u0142ym \u015bwiecie matki znakuje si\u0119 w\u00a0danym roku tym samym kolorem opalitek.<br \/>\nStosuje si\u0119 naprzemiennie 5 kolor\u00f3w, poniewa\u017c matki pszczele \u017cyj\u0105 zazwyczaj do 5 lat.<\/p>\n<p>Oznakowanie matki pszczelej u\u0142atwia identyfikacj\u0119 jej wieku oraz wyszukanie jej w\u00a0rodzinie pszczelej (np. w\u00a0celu wymiany lub sprawdzenia, czy matka znajduje si\u0119 w\u00a0ulu).<\/p>\n<p>Matki pszczele \u017cyj\u0105 maksymalnie 5 lat i z tego wzgl\u0119du mo\u017cna spotka\u0107 opalitki w pi\u0119ciu kolorach: bia\u0142ym, \u017c\u00f3\u0142tym, czerwonym, zielonym i niebieskim.<\/p>\n<p><b>Opalitki\u00a0do znakowania matek pszczelich:<\/b><br \/>\nROK 2017 Kolor \u017c\u00f3\u0142ty<br \/>\nROK 2018\u00a0Kolor czerwony<br \/>\nROK 2019\u00a0Kolor zielony<br \/>\nROK 2020\u00a0Kolor niebieski<br \/>\nROK 2021\u00a0Kolor bia\u0142y<\/p>\n","protected":false},"excerpt":{"rendered":"<p>Kolory znakowania matek- 1szt Na ca\u0142ym \u015bwiecie matki znakuje si\u0119 w\u00a0danym roku tym samym kolorem opalitek. Stosuje si\u0119 naprzemiennie 5 kolor\u00f3w, poniewa\u017c matki pszczele \u017cyj\u0105 zazwyczaj do 5 lat. Oznakowanie matki pszczelej u\u0142atwia identyfikacj\u0119 jej wieku oraz wyszukanie jej w\u00a0rodzinie pszczelej (np. w\u00a0celu wymiany lub sprawdzenia, czy matka znajduje si\u0119 w\u00a0ulu). Matki pszczele \u017cyj\u0105 maksymalnie [&hellip;]<\/p>\n","protected":false},"featured_media":525,"comment_status":"open","ping_status":"closed","template":"","meta":[],"product_brand":[],"product_cat":[26,21],"product_tag":[],"class_list":{"0":"post-104","1":"product","2":"type-product","3":"status-publish","4":"has-post-thumbnail","6":"product_cat-drobny-sprzet","7":"product_cat-wychow-matek","9":"first","10":"instock","11":"taxable","12":"shipping-taxable","13":"purchasable","14":"product-type-simple"},"_links":{"self":[{"href":"https:\/\/www.grajos.pl\/index.php\/wp-json\/wp\/v2\/product\/104","targetHints":{"allow":["GET"]}}],"collection":[{"href":"https:\/\/www.grajos.pl\/index.php\/wp-json\/wp\/v2\/product"}],"about":[{"href":"https:\/\/www.grajos.pl\/index.php\/wp-json\/wp\/v2\/types\/product"}],"replies":[{"embeddable":true,"href":"https:\/\/www.grajos.pl\/index.php\/wp-json\/wp\/v2\/comments?post=104"}],"wp:featuredmedia":[{"embeddable":true,"href":"https:\/\/www.grajos.pl\/index.php\/wp-json\/wp\/v2\/media\/525"}],"wp:attachment":[{"href":"https:\/\/www.grajos.pl\/index.php\/wp-json\/wp\/v2\/media?parent=104"}],"wp:term":[{"taxonomy":"product_brand","embeddable":true,"href":"https:\/\/www.grajos.pl\/index.php\/wp-json\/wp\/v2\/product_brand?post=104"},{"taxonomy":"product_cat","embeddable":true,"href":"https:\/\/www.grajos.pl\/index.php\/wp-json\/wp\/v2\/product_cat?post=104"},{"taxonomy":"product_tag","embeddable":true,"href":"https:\/\/www.grajos.pl\/index.php\/wp-json\/wp\/v2\/product_tag?post=104"}],"curies":[{"name":"wp","href":"https:\/\/api.w.org\/{rel}","templated":true}]}}