{"id":108,"date":"2021-01-01T18:13:32","date_gmt":"2021-01-01T18:13:32","guid":{"rendered":"http:\/\/www.grajos.pl\/?post_type=product&#038;p=108"},"modified":"2022-06-23T07:52:02","modified_gmt":"2022-06-23T07:52:02","slug":"chwytacz-i-przyrzad-do-znakowania-matek-zolty","status":"publish","type":"product","link":"https:\/\/www.grajos.pl\/index.php\/produkt\/chwytacz-i-przyrzad-do-znakowania-matek-zolty\/","title":{"rendered":"Chwytacz i przyrz\u0105d do znakowania matek (\u017c\u00f3\u0142ty)"},"content":{"rendered":"<p>Chwytacz do matek z\u00a0przyrz\u0105dem do znakowania.<\/p>\n<ul>\n<li>praktyczny<\/li>\n<li>\u0142atwe i\u00a0szybkie z\u0142apanie matki pszczelej np. podczas przegl\u0105du<\/li>\n<li>mo\u017cliwo\u015b\u0107 oznakowania matki pszczelej<\/li>\n<li>kolor zale\u017cny od partii produktu<\/li>\n<\/ul>\n","protected":false},"excerpt":{"rendered":"<p>&nbsp;<\/p>\n<p>&nbsp;<\/p>\n","protected":false},"featured_media":568,"comment_status":"open","ping_status":"closed","template":"","meta":[],"product_brand":[],"product_cat":[26,21],"product_tag":[],"class_list":{"0":"post-108","1":"product","2":"type-product","3":"status-publish","4":"has-post-thumbnail","6":"product_cat-drobny-sprzet","7":"product_cat-wychow-matek","9":"first","10":"instock","11":"taxable","12":"shipping-taxable","13":"purchasable","14":"product-type-simple"},"_links":{"self":[{"href":"https:\/\/www.grajos.pl\/index.php\/wp-json\/wp\/v2\/product\/108","targetHints":{"allow":["GET"]}}],"collection":[{"href":"https:\/\/www.grajos.pl\/index.php\/wp-json\/wp\/v2\/product"}],"about":[{"href":"https:\/\/www.grajos.pl\/index.php\/wp-json\/wp\/v2\/types\/product"}],"replies":[{"embeddable":true,"href":"https:\/\/www.grajos.pl\/index.php\/wp-json\/wp\/v2\/comments?post=108"}],"wp:featuredmedia":[{"embeddable":true,"href":"https:\/\/www.grajos.pl\/index.php\/wp-json\/wp\/v2\/media\/568"}],"wp:attachment":[{"href":"https:\/\/www.grajos.pl\/index.php\/wp-json\/wp\/v2\/media?parent=108"}],"wp:term":[{"taxonomy":"product_brand","embeddable":true,"href":"https:\/\/www.grajos.pl\/index.php\/wp-json\/wp\/v2\/product_brand?post=108"},{"taxonomy":"product_cat","embeddable":true,"href":"https:\/\/www.grajos.pl\/index.php\/wp-json\/wp\/v2\/product_cat?post=108"},{"taxonomy":"product_tag","embeddable":true,"href":"https:\/\/www.grajos.pl\/index.php\/wp-json\/wp\/v2\/product_tag?post=108"}],"curies":[{"name":"wp","href":"https:\/\/api.w.org\/{rel}","templated":true}]}}