{"id":112,"date":"2021-01-01T18:17:15","date_gmt":"2021-01-01T18:17:15","guid":{"rendered":"http:\/\/www.grajos.pl\/?post_type=product&#038;p=112"},"modified":"2026-03-13T19:39:01","modified_gmt":"2026-03-13T19:39:01","slug":"weza-wielkopolska-1-2-nadstawkowa","status":"publish","type":"product","link":"https:\/\/www.grajos.pl\/index.php\/produkt\/weza-wielkopolska-1-2-nadstawkowa\/","title":{"rendered":"W\u0119za wielkopolska 1\/2 nadstawkowa"},"content":{"rendered":"<p>W\u0119z\u0119 z\u00a0wosku osadza si\u0119 w\u00a0ramce poprzez wtopienie w\u00a0drut przewleczony przez ni\u0105. Dzi\u0119ki zastosowaniu w\u0119zy plastry tworzone przez pszczo\u0142y maj\u0105 regularny kszta\u0142t o\u00a0okre\u015blonej wielko\u015bci kom\u00f3rek. U\u017cywany w\u00a0pszczelarstwie szablon z\u00a0wyt\u0142oczonymi kszta\u0142tami kom\u00f3rek plastra pszczelego umieszczany w\u00a0ramce. Rozmiar dostosowany jest do wielko\u015bci i\u00a0kszta\u0142tu ramki.<\/p>\n<p>Wymiary w\u0119zy: 105&#215;335 mm<\/p>\n<p>1 kilogram zawiera 35 arkuszy w\u0119zy.<\/p>\n","protected":false},"excerpt":{"rendered":"<p>W\u0119z\u0119 z\u00a0wosku osadza si\u0119 w\u00a0ramce poprzez wtopienie w\u00a0drut przewleczony przez ni\u0105. Dzi\u0119ki zastosowaniu w\u0119zy plastry tworzone przez pszczo\u0142y maj\u0105 regularny kszta\u0142t o\u00a0okre\u015blonej wielko\u015bci kom\u00f3rek. U\u017cywany w\u00a0pszczelarstwie szablon z\u00a0wyt\u0142oczonymi kszta\u0142tami kom\u00f3rek plastra pszczelego umieszczany w\u00a0ramce. Rozmiar dostosowany jest do wielko\u015bci i\u00a0kszta\u0142tu ramki. Wymiary w\u0119zy: 105&#215;335 mm 1 kilogram zawiera 35 arkuszy w\u0119zy.<\/p>\n","protected":false},"featured_media":519,"comment_status":"open","ping_status":"closed","template":"","meta":[],"product_brand":[],"product_cat":[23,19,24],"product_tag":[],"class_list":{"0":"post-112","1":"product","2":"type-product","3":"status-publish","4":"has-post-thumbnail","6":"product_cat-ramki-i-akcesoria","7":"product_cat-ule","8":"product_cat-weza","10":"first","11":"instock","12":"taxable","13":"shipping-taxable","14":"purchasable","15":"product-type-simple"},"_links":{"self":[{"href":"https:\/\/www.grajos.pl\/index.php\/wp-json\/wp\/v2\/product\/112","targetHints":{"allow":["GET"]}}],"collection":[{"href":"https:\/\/www.grajos.pl\/index.php\/wp-json\/wp\/v2\/product"}],"about":[{"href":"https:\/\/www.grajos.pl\/index.php\/wp-json\/wp\/v2\/types\/product"}],"replies":[{"embeddable":true,"href":"https:\/\/www.grajos.pl\/index.php\/wp-json\/wp\/v2\/comments?post=112"}],"wp:featuredmedia":[{"embeddable":true,"href":"https:\/\/www.grajos.pl\/index.php\/wp-json\/wp\/v2\/media\/519"}],"wp:attachment":[{"href":"https:\/\/www.grajos.pl\/index.php\/wp-json\/wp\/v2\/media?parent=112"}],"wp:term":[{"taxonomy":"product_brand","embeddable":true,"href":"https:\/\/www.grajos.pl\/index.php\/wp-json\/wp\/v2\/product_brand?post=112"},{"taxonomy":"product_cat","embeddable":true,"href":"https:\/\/www.grajos.pl\/index.php\/wp-json\/wp\/v2\/product_cat?post=112"},{"taxonomy":"product_tag","embeddable":true,"href":"https:\/\/www.grajos.pl\/index.php\/wp-json\/wp\/v2\/product_tag?post=112"}],"curies":[{"name":"wp","href":"https:\/\/api.w.org\/{rel}","templated":true}]}}