{"id":133,"date":"2021-01-01T19:23:10","date_gmt":"2021-01-01T19:23:10","guid":{"rendered":"http:\/\/www.grajos.pl\/?post_type=product&#038;p=133"},"modified":"2026-03-13T19:38:32","modified_gmt":"2026-03-13T19:38:32","slug":"ciasto-dla-pszczol-z-pylkiem","status":"publish","type":"product","link":"https:\/\/www.grajos.pl\/index.php\/produkt\/ciasto-dla-pszczol-z-pylkiem\/","title":{"rendered":"ciasto z py\u0142kiem1kg pokarm dla pszcz\u00f3\u0142"},"content":{"rendered":"<p><img loading=\"lazy\" decoding=\"async\" class=\"alignnone size-medium wp-image-986\" src=\"https:\/\/www.grajos.pl\/wp-content\/uploads\/2023\/01\/e3a2168d-0b1d-4431-b8cd-5d00ea467c1f-300x226.jpg\" alt=\"\" width=\"300\" height=\"226\" srcset=\"https:\/\/www.grajos.pl\/wp-content\/uploads\/2023\/01\/e3a2168d-0b1d-4431-b8cd-5d00ea467c1f-300x226.jpg 300w, https:\/\/www.grajos.pl\/wp-content\/uploads\/2023\/01\/e3a2168d-0b1d-4431-b8cd-5d00ea467c1f-1024x771.jpg 1024w, https:\/\/www.grajos.pl\/wp-content\/uploads\/2023\/01\/e3a2168d-0b1d-4431-b8cd-5d00ea467c1f-768x578.jpg 768w, https:\/\/www.grajos.pl\/wp-content\/uploads\/2023\/01\/e3a2168d-0b1d-4431-b8cd-5d00ea467c1f-1536x1157.jpg 1536w, https:\/\/www.grajos.pl\/wp-content\/uploads\/2023\/01\/e3a2168d-0b1d-4431-b8cd-5d00ea467c1f-416x313.jpg 416w, https:\/\/www.grajos.pl\/wp-content\/uploads\/2023\/01\/e3a2168d-0b1d-4431-b8cd-5d00ea467c1f.jpg 2040w\" sizes=\"auto, (max-width: 300px) 100vw, 300px\" \/>Zestaw cukr\u00f3w inwertowanych w formie masy z dodatkiem py\u0142ku. Plastyczna w temperaturze pokojowej masa \u0142atwo daje si\u0119 kroi\u0107. S\u0142u\u017cy g\u0142\u00f3wnie do podkarmiania wczesnowiosennym oraz w dokarmianiu.<\/p>\n<div class=\"rte\">\n<p>Tymol wspomaga walk\u0119 z\u00a0warroz\u0105.<\/p>\n<p>Stymulacja rozwoju i\u00a0wzmocnienie odporno\u015bci rodzin pszczelich.<\/p>\n<p><strong>Sk\u0142ad:<\/strong><\/p>\n<ul>\n<li>Fruktoza 40%,<\/li>\n<li>Dextroza 54%,<\/li>\n<li>Maltoza 2%,<\/li>\n<li>Trioza 3%,<\/li>\n<li>Tymol<\/li>\n<\/ul>\n<p>Paczka: 1 kg<\/p>\n<h3><strong>Szczeg\u00f3\u0142y Produktu:<\/strong><\/h3>\n<div>\u00a0 \u00a0 \u00a0&#8211; \u015awietna jako\u015b\u0107<br \/>\n&#8211; 100% inwertowany<br \/>\n&#8211; Sk\u0142ada si\u0119 z\u00a0prostych cukr\u00f3w glukozowo-fruktozowych<br \/>\n&#8211; Natychmiast spo\u017cywany przez pszczo\u0142\u0119<br \/>\n&#8211; Nie wysycha i\u00a0nie twardnieje w\u00a0ulu<br \/>\n&#8211; Ca\u0142kowicie trawiony przez pszczo\u0142y<br \/>\n&#8211; Dodano skrystalizowany tymol<br \/>\n&#8211; Wed\u0142ug bada\u0144 uniwersyteckich, pszczo\u0142y karmione tymolem mia\u0142y 11,5 razy mniej zarodnik\u00f3w NOSEMA, a\u00a0ich \u017cywotno\u015b\u0107 wzros\u0142a z\u00a020 dni do 24 dni.<\/div>\n<p>1kg x\u00a0960 sztuk &#8211; 960 kg<\/p>\n<\/div>\n","protected":false},"excerpt":{"rendered":"<p>Zestaw cukr\u00f3w inwertowanych w formie masy z dodatkiem py\u0142ku. Plastyczna w temperaturze pokojowej masa \u0142atwo daje si\u0119 kroi\u0107. S\u0142u\u017cy g\u0142\u00f3wnie do podkarmiania wczesnowiosennym oraz w dokarmianiu. Tymol wspomaga walk\u0119 z\u00a0warroz\u0105. Stymulacja rozwoju i\u00a0wzmocnienie odporno\u015bci rodzin pszczelich. Sk\u0142ad: Fruktoza 40%, Dextroza 54%, Maltoza 2%, Trioza 3%, Tymol Paczka: 1 kg Szczeg\u00f3\u0142y Produktu: \u00a0 \u00a0 \u00a0&#8211; \u015awietna [&hellip;]<\/p>\n","protected":false},"featured_media":0,"comment_status":"open","ping_status":"closed","template":"","meta":[],"product_brand":[],"product_cat":[25],"product_tag":[],"class_list":{"0":"post-133","1":"product","2":"type-product","3":"status-publish","5":"product_cat-pokarmy","7":"first","8":"instock","9":"taxable","10":"shipping-taxable","11":"purchasable","12":"product-type-simple"},"_links":{"self":[{"href":"https:\/\/www.grajos.pl\/index.php\/wp-json\/wp\/v2\/product\/133","targetHints":{"allow":["GET"]}}],"collection":[{"href":"https:\/\/www.grajos.pl\/index.php\/wp-json\/wp\/v2\/product"}],"about":[{"href":"https:\/\/www.grajos.pl\/index.php\/wp-json\/wp\/v2\/types\/product"}],"replies":[{"embeddable":true,"href":"https:\/\/www.grajos.pl\/index.php\/wp-json\/wp\/v2\/comments?post=133"}],"wp:attachment":[{"href":"https:\/\/www.grajos.pl\/index.php\/wp-json\/wp\/v2\/media?parent=133"}],"wp:term":[{"taxonomy":"product_brand","embeddable":true,"href":"https:\/\/www.grajos.pl\/index.php\/wp-json\/wp\/v2\/product_brand?post=133"},{"taxonomy":"product_cat","embeddable":true,"href":"https:\/\/www.grajos.pl\/index.php\/wp-json\/wp\/v2\/product_cat?post=133"},{"taxonomy":"product_tag","embeddable":true,"href":"https:\/\/www.grajos.pl\/index.php\/wp-json\/wp\/v2\/product_tag?post=133"}],"curies":[{"name":"wp","href":"https:\/\/api.w.org\/{rel}","templated":true}]}}