{"id":163,"date":"2021-01-05T15:36:13","date_gmt":"2021-01-05T15:36:13","guid":{"rendered":"http:\/\/www.grajos.pl\/?post_type=product&#038;p=163"},"modified":"2025-07-23T08:32:38","modified_gmt":"2025-07-23T08:32:38","slug":"nosivet-200ml-plyn-2","status":"publish","type":"product","link":"https:\/\/www.grajos.pl\/index.php\/produkt\/nosivet-200ml-plyn-2\/","title":{"rendered":"Nosivet 200ml, p\u0142yn"},"content":{"rendered":"<h2>NOSI-VET &#8211; spokojna zimowla i witalno\u015b\u0107 wiosn\u0105 rodziny pszczelej.<\/h2>\n<p><b>SK\u0141<\/b><span lang=\"da-DK\"><b>AD<\/b><\/span>:<\/p>\n<ul>\n<li>lecytyna s\u0142onecznikowa (E322),<\/li>\n<li>olejek eteryczny z\u00a0<span lang=\"pt-PT\"><i>Origanum vulgare L.<\/i><\/span>\u00a0(CoE 317).<\/li>\n<\/ul>\n<p><b>ZASTOSOWANIE<\/b>: Stosowa\u0107 NOSI-VET z\u00a0odpowiednio dobranym zabiegiem sanitarno\u2013hodowlanym w\u00a0celu wzmocnienia witalno\u015bci rodziny pszczelej. Sk\u0142adniki zawarte w\u00a0NOSI-VET wykazuj\u0105 wspomagaj\u0105ce dzia\u0142anie ograniczaj\u0105ce rozw\u00f3j zaka\u017cenia sporowcami\u00a0<span lang=\"it-IT\"><i>Nosema spp.<\/i><\/span>\u00a0i\u00a0grzybicy czerwia pszczelego.<\/p>\n<p>Pojemno\u015b\u0107 opakowania 200ml<\/p>\n","protected":false},"excerpt":{"rendered":"<p>NOSI-VET &#8211; spokojna zimowla i witalno\u015b\u0107 wiosn\u0105 rodziny pszczelej. SK\u0141AD: lecytyna s\u0142onecznikowa (E322), olejek eteryczny z\u00a0Origanum vulgare L.\u00a0(CoE 317). ZASTOSOWANIE: Stosowa\u0107 NOSI-VET z\u00a0odpowiednio dobranym zabiegiem sanitarno\u2013hodowlanym w\u00a0celu wzmocnienia witalno\u015bci rodziny pszczelej. Sk\u0142adniki zawarte w\u00a0NOSI-VET wykazuj\u0105 wspomagaj\u0105ce dzia\u0142anie ograniczaj\u0105ce rozw\u00f3j zaka\u017cenia sporowcami\u00a0Nosema spp.\u00a0i\u00a0grzybicy czerwia pszczelego. Pojemno\u015b\u0107 opakowania 200ml<\/p>\n","protected":false},"featured_media":500,"comment_status":"open","ping_status":"closed","template":"","meta":[],"product_brand":[],"product_cat":[25,30],"product_tag":[],"class_list":{"0":"post-163","1":"product","2":"type-product","3":"status-publish","4":"has-post-thumbnail","6":"product_cat-pokarmy","7":"product_cat-srodki-do-walki-z-chorobami","9":"first","10":"instock","11":"taxable","12":"shipping-taxable","13":"purchasable","14":"product-type-simple"},"_links":{"self":[{"href":"https:\/\/www.grajos.pl\/index.php\/wp-json\/wp\/v2\/product\/163","targetHints":{"allow":["GET"]}}],"collection":[{"href":"https:\/\/www.grajos.pl\/index.php\/wp-json\/wp\/v2\/product"}],"about":[{"href":"https:\/\/www.grajos.pl\/index.php\/wp-json\/wp\/v2\/types\/product"}],"replies":[{"embeddable":true,"href":"https:\/\/www.grajos.pl\/index.php\/wp-json\/wp\/v2\/comments?post=163"}],"wp:featuredmedia":[{"embeddable":true,"href":"https:\/\/www.grajos.pl\/index.php\/wp-json\/wp\/v2\/media\/500"}],"wp:attachment":[{"href":"https:\/\/www.grajos.pl\/index.php\/wp-json\/wp\/v2\/media?parent=163"}],"wp:term":[{"taxonomy":"product_brand","embeddable":true,"href":"https:\/\/www.grajos.pl\/index.php\/wp-json\/wp\/v2\/product_brand?post=163"},{"taxonomy":"product_cat","embeddable":true,"href":"https:\/\/www.grajos.pl\/index.php\/wp-json\/wp\/v2\/product_cat?post=163"},{"taxonomy":"product_tag","embeddable":true,"href":"https:\/\/www.grajos.pl\/index.php\/wp-json\/wp\/v2\/product_tag?post=163"}],"curies":[{"name":"wp","href":"https:\/\/api.w.org\/{rel}","templated":true}]}}