{"id":178,"date":"2021-01-05T15:49:31","date_gmt":"2021-01-05T15:49:31","guid":{"rendered":"http:\/\/www.grajos.pl\/?post_type=product&#038;p=178"},"modified":"2022-06-13T18:00:52","modified_gmt":"2022-06-13T18:00:52","slug":"nakretki-do-podkarmiania-z-dziurkami-plastikowe","status":"publish","type":"product","link":"https:\/\/www.grajos.pl\/index.php\/produkt\/nakretki-do-podkarmiania-z-dziurkami-plastikowe\/","title":{"rendered":"Nakr\u0119tki do podkarmiania z dziurkami plastikowe1z\u0142"},"content":{"rendered":"<p>Nakr\u0119tka plastikowa z\u00a0dziurkami do podkarmiania s\u0142oikowego.<\/p>\n<p>Pasuje do normalnego du\u017cego s\u0142oika o\u00a0pojemno\u015bci: 500, 720 oraz 900 ml.<\/p>\n<p>Syrop nale\u017cy nala\u0107 do s\u0142oika, zakr\u0119ci\u0107 nakr\u0119tk\u0105 oraz odwr\u00f3ci\u0107 &#8222;do g\u00f3ry dnem&#8221; i\u00a0postawi\u0107 w\u00a0ulu na ramkach.<\/p>\n<p>&nbsp;<\/p>\n","protected":false},"excerpt":{"rendered":"<p>&nbsp;<\/p>\n<p>&nbsp;<\/p>\n","protected":false},"featured_media":404,"comment_status":"open","ping_status":"closed","template":"","meta":[],"product_brand":[],"product_cat":[26,25],"product_tag":[],"class_list":{"0":"post-178","1":"product","2":"type-product","3":"status-publish","4":"has-post-thumbnail","6":"product_cat-drobny-sprzet","7":"product_cat-pokarmy","9":"first","10":"instock","11":"taxable","12":"shipping-taxable","13":"purchasable","14":"product-type-simple"},"_links":{"self":[{"href":"https:\/\/www.grajos.pl\/index.php\/wp-json\/wp\/v2\/product\/178","targetHints":{"allow":["GET"]}}],"collection":[{"href":"https:\/\/www.grajos.pl\/index.php\/wp-json\/wp\/v2\/product"}],"about":[{"href":"https:\/\/www.grajos.pl\/index.php\/wp-json\/wp\/v2\/types\/product"}],"replies":[{"embeddable":true,"href":"https:\/\/www.grajos.pl\/index.php\/wp-json\/wp\/v2\/comments?post=178"}],"wp:featuredmedia":[{"embeddable":true,"href":"https:\/\/www.grajos.pl\/index.php\/wp-json\/wp\/v2\/media\/404"}],"wp:attachment":[{"href":"https:\/\/www.grajos.pl\/index.php\/wp-json\/wp\/v2\/media?parent=178"}],"wp:term":[{"taxonomy":"product_brand","embeddable":true,"href":"https:\/\/www.grajos.pl\/index.php\/wp-json\/wp\/v2\/product_brand?post=178"},{"taxonomy":"product_cat","embeddable":true,"href":"https:\/\/www.grajos.pl\/index.php\/wp-json\/wp\/v2\/product_cat?post=178"},{"taxonomy":"product_tag","embeddable":true,"href":"https:\/\/www.grajos.pl\/index.php\/wp-json\/wp\/v2\/product_tag?post=178"}],"curies":[{"name":"wp","href":"https:\/\/api.w.org\/{rel}","templated":true}]}}