{"id":198,"date":"2021-01-05T16:08:16","date_gmt":"2021-01-05T16:08:16","guid":{"rendered":"http:\/\/www.grajos.pl\/?post_type=product&#038;p=198"},"modified":"2026-02-01T12:43:10","modified_gmt":"2026-02-01T12:43:10","slug":"palnik-gazowy","status":"publish","type":"product","link":"https:\/\/www.grajos.pl\/index.php\/produkt\/palnik-gazowy\/","title":{"rendered":"Palnik gazowy"},"content":{"rendered":"<div class=\"_1bo4a _xu6h2 _1ylmp _2d49e_YrWCD\">\n<div class=\"_1voj4 _z9prt _1xzdi _ai5yc _5d6n2 _15lj1\">\n<div class=\"_2d49e_5pK0q\">\n<h1>Palnik gazowy opalarka gazowa na gaz.<\/h1>\n<h2>Palnik na kartusze naboje gazu.<\/h2>\n<\/div>\n<\/div>\n<\/div>\n<div class=\"_1bo4a _xu6h2 _1ylmp _2d49e_YrWCD\">\n<div class=\"_1voj4 _z9prt _1xzdi _ai5yc _5d6n2 _15lj1\">\n<div class=\"_2d49e_5pK0q\">\n<p>Generuje temperatur\u0119 do 1300 stopni z mo\u017cliwo\u015bci\u0105 p\u0142ynnej regulacji p\u0142omienia za pomoc\u0105 pokr\u0119t\u0142a<\/p>\n<p>Palnik kuchenny na kartusz wyposa\u017cony zosta\u0142 w\u00a0zap\u0142on piezoelektryczny, kt\u00f3ry w\u0142\u0105cza si\u0119 po prostu przyciskiem.<\/p>\n<p>Nie wymaga zapa\u0142ek czy zapalniczek.<\/p>\n<p>Na jednym kartuszu gazowym palnik pracuje do\u00a02.5 godziny<\/p>\n<p>Palnik\u00a0 bez gazu.<\/p>\n<p>D\u0142ugo\u015b\u0107 p\u0142omienia\u00a0do 8 cm<\/p>\n<p><b>Wymiary :<\/b><\/p>\n<p>17.7 x 6 x 4 cm<\/p>\n<\/div>\n<\/div>\n<\/div>\n","protected":false},"excerpt":{"rendered":"<p>Palnik gazowy opalarka gazowa na gaz. Palnik na kartusze naboje gazu. Generuje temperatur\u0119 do 1300 stopni z mo\u017cliwo\u015bci\u0105 p\u0142ynnej regulacji p\u0142omienia za pomoc\u0105 pokr\u0119t\u0142a Palnik kuchenny na kartusz wyposa\u017cony zosta\u0142 w\u00a0zap\u0142on piezoelektryczny, kt\u00f3ry w\u0142\u0105cza si\u0119 po prostu przyciskiem. Nie wymaga zapa\u0142ek czy zapalniczek. Na jednym kartuszu gazowym palnik pracuje do\u00a02.5 godziny Palnik\u00a0 bez gazu. D\u0142ugo\u015b\u0107 [&hellip;]<\/p>\n","protected":false},"featured_media":532,"comment_status":"open","ping_status":"closed","template":"","meta":[],"product_brand":[],"product_cat":[26],"product_tag":[],"class_list":{"0":"post-198","1":"product","2":"type-product","3":"status-publish","4":"has-post-thumbnail","6":"product_cat-drobny-sprzet","8":"first","9":"instock","10":"taxable","11":"shipping-taxable","12":"purchasable","13":"product-type-simple"},"_links":{"self":[{"href":"https:\/\/www.grajos.pl\/index.php\/wp-json\/wp\/v2\/product\/198","targetHints":{"allow":["GET"]}}],"collection":[{"href":"https:\/\/www.grajos.pl\/index.php\/wp-json\/wp\/v2\/product"}],"about":[{"href":"https:\/\/www.grajos.pl\/index.php\/wp-json\/wp\/v2\/types\/product"}],"replies":[{"embeddable":true,"href":"https:\/\/www.grajos.pl\/index.php\/wp-json\/wp\/v2\/comments?post=198"}],"wp:featuredmedia":[{"embeddable":true,"href":"https:\/\/www.grajos.pl\/index.php\/wp-json\/wp\/v2\/media\/532"}],"wp:attachment":[{"href":"https:\/\/www.grajos.pl\/index.php\/wp-json\/wp\/v2\/media?parent=198"}],"wp:term":[{"taxonomy":"product_brand","embeddable":true,"href":"https:\/\/www.grajos.pl\/index.php\/wp-json\/wp\/v2\/product_brand?post=198"},{"taxonomy":"product_cat","embeddable":true,"href":"https:\/\/www.grajos.pl\/index.php\/wp-json\/wp\/v2\/product_cat?post=198"},{"taxonomy":"product_tag","embeddable":true,"href":"https:\/\/www.grajos.pl\/index.php\/wp-json\/wp\/v2\/product_tag?post=198"}],"curies":[{"name":"wp","href":"https:\/\/api.w.org\/{rel}","templated":true}]}}