{"id":218,"date":"2021-01-08T08:28:01","date_gmt":"2021-01-08T08:28:01","guid":{"rendered":"http:\/\/www.grajos.pl\/?post_type=product&#038;p=218"},"modified":"2023-09-01T14:18:12","modified_gmt":"2023-09-01T14:18:12","slug":"api-bio-farma-1l","status":"publish","type":"product","link":"https:\/\/www.grajos.pl\/index.php\/produkt\/api-bio-farma-1l\/","title":{"rendered":"Api Bio Farma 1l"},"content":{"rendered":"<p>Api Bio Farma 1000ml<\/p>\n<p><strong>Dzia\u0142anie ApiBioFarma<\/strong><\/p>\n<ul>\n<li>poprawa warunk\u00f3w sanitarnych w gnie\u017adzie,<\/li>\n<li>stabilizacja dobrostanu rodzin pszczelich,<\/li>\n<li>poprawa kondycji rodzin os\u0142abionych,<\/li>\n<li>wyd\u0142u\u017cenie \u017cywotno\u015bci pszcz\u00f3\u0142 robotnic,<\/li>\n<li>ograniczenie rozwoju mikroflory chorobotw\u00f3rczej,<\/li>\n<li>poprawa proces\u00f3w trawienia, zwi\u0119kszenie strawno\u015bci pokarmu,<\/li>\n<li>ograniczenie zatru\u0107 pokarmowych.<\/li>\n<\/ul>\n<p><strong>Zio\u0142a wykorzystane do produkcji ApiBioFarmy\u2122:<\/strong><\/p>\n<ul>\n<li>mi\u0119ta pokrzywowa,<\/li>\n<li>pokrzywa zwyczajna,<\/li>\n<li>czarnuszka siewna,<\/li>\n<li>bylica,<\/li>\n<li>orzech w\u0142oski,<\/li>\n<li>sza\u0142wia lekarska,<\/li>\n<li>melisa lekarska,<\/li>\n<li>rozmaryn lekarski,<\/li>\n<li>czarnuszka siewna.<\/li>\n<\/ul>\n<p><strong>Przygotowanie ApiBioFarmy\u2122 do u\u017cycia:<\/strong><\/p>\n<p>Preparat jest gotowy do zastosowania po rozcie\u0144czeniu z wod\u0105 niechlorowan\u0105 w proporcjach podanych w za\u0142\u0105czonej procedurze. Zastosowanie preparatu nie wi\u0105\u017ce si\u0119 z przestrzeganiem okresu karencji, gdy\u017c \u015brodek jest w pe\u0142ni nieszkodliwy.<\/p>\n<p><strong>Przechowywanie:<\/strong><\/p>\n<p>Przechowywa\u0107 w ciemnym i ch\u0142odnym miejscu niedost\u0119pnym dla dzieci. Po otwarciu przechowywa\u0107 w lod\u00f3wce.<\/p>\n","protected":false},"excerpt":{"rendered":"<p>Api Bio Farma 1000ml Dzia\u0142anie ApiBioFarma poprawa warunk\u00f3w sanitarnych w gnie\u017adzie, stabilizacja dobrostanu rodzin pszczelich, poprawa kondycji rodzin os\u0142abionych, wyd\u0142u\u017cenie \u017cywotno\u015bci pszcz\u00f3\u0142 robotnic, ograniczenie rozwoju mikroflory chorobotw\u00f3rczej, poprawa proces\u00f3w trawienia, zwi\u0119kszenie strawno\u015bci pokarmu, ograniczenie zatru\u0107 pokarmowych. Zio\u0142a wykorzystane do produkcji ApiBioFarmy\u2122: mi\u0119ta pokrzywowa, pokrzywa zwyczajna, czarnuszka siewna, bylica, orzech w\u0142oski, sza\u0142wia lekarska, melisa lekarska, rozmaryn [&hellip;]<\/p>\n","protected":false},"featured_media":477,"comment_status":"open","ping_status":"closed","template":"","meta":[],"product_brand":[],"product_cat":[25,30],"product_tag":[],"class_list":{"0":"post-218","1":"product","2":"type-product","3":"status-publish","4":"has-post-thumbnail","6":"product_cat-pokarmy","7":"product_cat-srodki-do-walki-z-chorobami","9":"first","10":"outofstock","11":"taxable","12":"shipping-taxable","13":"purchasable","14":"product-type-simple"},"_links":{"self":[{"href":"https:\/\/www.grajos.pl\/index.php\/wp-json\/wp\/v2\/product\/218","targetHints":{"allow":["GET"]}}],"collection":[{"href":"https:\/\/www.grajos.pl\/index.php\/wp-json\/wp\/v2\/product"}],"about":[{"href":"https:\/\/www.grajos.pl\/index.php\/wp-json\/wp\/v2\/types\/product"}],"replies":[{"embeddable":true,"href":"https:\/\/www.grajos.pl\/index.php\/wp-json\/wp\/v2\/comments?post=218"}],"wp:featuredmedia":[{"embeddable":true,"href":"https:\/\/www.grajos.pl\/index.php\/wp-json\/wp\/v2\/media\/477"}],"wp:attachment":[{"href":"https:\/\/www.grajos.pl\/index.php\/wp-json\/wp\/v2\/media?parent=218"}],"wp:term":[{"taxonomy":"product_brand","embeddable":true,"href":"https:\/\/www.grajos.pl\/index.php\/wp-json\/wp\/v2\/product_brand?post=218"},{"taxonomy":"product_cat","embeddable":true,"href":"https:\/\/www.grajos.pl\/index.php\/wp-json\/wp\/v2\/product_cat?post=218"},{"taxonomy":"product_tag","embeddable":true,"href":"https:\/\/www.grajos.pl\/index.php\/wp-json\/wp\/v2\/product_tag?post=218"}],"curies":[{"name":"wp","href":"https:\/\/api.w.org\/{rel}","templated":true}]}}