{"id":221,"date":"2021-01-08T08:29:16","date_gmt":"2021-01-08T08:29:16","guid":{"rendered":"http:\/\/www.grajos.pl\/?post_type=product&#038;p=221"},"modified":"2025-07-23T08:31:18","modified_gmt":"2025-07-23T08:31:18","slug":"nosivet-200ml-plyn-3","status":"publish","type":"product","link":"https:\/\/www.grajos.pl\/index.php\/produkt\/nosivet-200ml-plyn-3\/","title":{"rendered":"Nosivet 200ml, p\u0142yn"},"content":{"rendered":"<div class=\"summary entry-summary\">\n<div class=\"titlebox\">\n<h1 class=\"product_title entry-title\">NOSI-VET \u2013 witalno\u015b\u0107 wiosn\u0105 i spokojna zimowla bez nosemozy i grzybicy<\/h1>\n<\/div>\n<\/div>\n<div class=\"tabs_box\">\n<div class=\"product_info_panel\">\n<p><img loading=\"lazy\" decoding=\"async\" class=\" wp-image-140 alignright\" src=\"https:\/\/www.vet-animal.pl\/wp-content\/uploads\/2017\/11\/PARP-logo-VET-ANIMAL.png\" alt=\"\" width=\"127\" height=\"45\" \/>SK\u0141AD<\/p>\n<p>lecytyna s\u0142onecznikowa (E322), olejek eteryczny z Origanum vulgare L. (CoE 317).<\/p>\n<h3>ZASTOSOWANIE<\/h3>\n<p>Stosowa\u0107 NOSI-VET z odpowiednio dobranym zabiegiem sanitarno\u2013hodowlanym w celu wzmocnienia witalno\u015bci rodziny pszczelej. Sk\u0142adniki zawarte w NOSI-VET wykazuj\u0105 wspomagaj\u0105ce dzia\u0142anie usprawniaj\u0105ce funkcjonowanie jelita \u015brodkowego pszczo\u0142y miodnej.<\/p>\n<h3>INSTRUKCJA STOSOWANIA<\/h3>\n<p>Przed u\u017cyciem silnie wstrz\u0105sn\u0105\u0107. Podkarmiaczka \u2013 3 ml na 1 litr syropu cukrowego lub inwertowanego dla 1 rodziny pszczelej. W zale\u017cno\u015bci od potrzeb podawa\u0107 od 2 do 5 litr\u00f3w syropu z NOSI-VET na rodzin\u0119 pszczel\u0105. Zamg\u0142awianie \u2013 3 ml na 1 litr syropu cukrowego. Zastosowa\u0107 oprysk ca\u0142ych ramek z pszczo\u0142ami przy pomocy opryskiwacza ogrodowego. Polewanie \u2013 3 ml na 1 litr syropu cukrowego. Polewa\u0107 w uliczki mi\u0119dzyramkowe przy pomocy strzykawki w ilo\u015bci odpowiedniej dla si\u0142y rodziny i liczebno\u015bci ramek. Podawa\u0107 w godzinach wieczornych po zako\u0144czeniu lot\u00f3w pszcz\u00f3\u0142.<\/p>\n<p>KARENCJA- nie dotyczy.<\/p>\n<p>Przechowywa\u0107 w ciemnym, ch\u0142odnym i suchym miejscu z dala od dzieci.<\/p>\n<h3>OBJ\u0118TO\u015a\u0106 NETTO<\/h3>\n<p>200 ml. MPU w p\u0142ynie dla pszcz\u00f3\u0142.<\/p>\n<\/div>\n<\/div>\n<p>&nbsp;<\/p>\n","protected":false},"excerpt":{"rendered":"<p>&nbsp;<\/p>\n<p>&nbsp;<\/p>\n","protected":false},"featured_media":583,"comment_status":"open","ping_status":"closed","template":"","meta":[],"product_brand":[],"product_cat":[30],"product_tag":[],"class_list":{"0":"post-221","1":"product","2":"type-product","3":"status-publish","4":"has-post-thumbnail","6":"product_cat-srodki-do-walki-z-chorobami","8":"first","9":"instock","10":"taxable","11":"shipping-taxable","12":"purchasable","13":"product-type-simple"},"_links":{"self":[{"href":"https:\/\/www.grajos.pl\/index.php\/wp-json\/wp\/v2\/product\/221","targetHints":{"allow":["GET"]}}],"collection":[{"href":"https:\/\/www.grajos.pl\/index.php\/wp-json\/wp\/v2\/product"}],"about":[{"href":"https:\/\/www.grajos.pl\/index.php\/wp-json\/wp\/v2\/types\/product"}],"replies":[{"embeddable":true,"href":"https:\/\/www.grajos.pl\/index.php\/wp-json\/wp\/v2\/comments?post=221"}],"wp:featuredmedia":[{"embeddable":true,"href":"https:\/\/www.grajos.pl\/index.php\/wp-json\/wp\/v2\/media\/583"}],"wp:attachment":[{"href":"https:\/\/www.grajos.pl\/index.php\/wp-json\/wp\/v2\/media?parent=221"}],"wp:term":[{"taxonomy":"product_brand","embeddable":true,"href":"https:\/\/www.grajos.pl\/index.php\/wp-json\/wp\/v2\/product_brand?post=221"},{"taxonomy":"product_cat","embeddable":true,"href":"https:\/\/www.grajos.pl\/index.php\/wp-json\/wp\/v2\/product_cat?post=221"},{"taxonomy":"product_tag","embeddable":true,"href":"https:\/\/www.grajos.pl\/index.php\/wp-json\/wp\/v2\/product_tag?post=221"}],"curies":[{"name":"wp","href":"https:\/\/api.w.org\/{rel}","templated":true}]}}