{"id":243,"date":"2021-01-08T08:40:13","date_gmt":"2021-01-08T08:40:13","guid":{"rendered":"http:\/\/www.grajos.pl\/?post_type=product&#038;p=243"},"modified":"2026-03-13T19:35:07","modified_gmt":"2026-03-13T19:35:07","slug":"ocieplacz-do-ula-mata-filcowa-wielkopolska-400x400mm-grubosc-20mm","status":"publish","type":"product","link":"https:\/\/www.grajos.pl\/index.php\/produkt\/ocieplacz-do-ula-mata-filcowa-wielkopolska-400x400mm-grubosc-20mm\/","title":{"rendered":"Ocieplacz pianka wielkopolska 400x400mm, grubo\u015b\u0107 20mm"},"content":{"rendered":"<h1 class=\"h1 page-title\">MATA FILCOWA 600 G\/M2 40X40 CM GRUBO\u015a\u0106 20mm<\/h1>\n<p>Maty filcowe, docieplaj\u0105ce do ula.<br \/>\nWp\u0142ywaj\u0105 na ograniczenie przep\u0142ywu powietrza, ale go nie blokuj\u0105.<br \/>\nZapewnia dobr\u0105 izolacj\u0119 ciepln\u0105.<\/p>\n<p><strong>Odporny na rozci\u0105ganie, rozrywanie i \u015bcieranie, umiarkowana sztywno\u015b\u0107.<\/strong><\/p>\n","protected":false},"excerpt":{"rendered":"<p>MATA FILCOWA 600 G\/M2 40X40 CM GRUBO\u015a\u0106 20mm Maty filcowe, docieplaj\u0105ce do ula. Wp\u0142ywaj\u0105 na ograniczenie przep\u0142ywu powietrza, ale go nie blokuj\u0105. Zapewnia dobr\u0105 izolacj\u0119 ciepln\u0105. Odporny na rozci\u0105ganie, rozrywanie i \u015bcieranie, umiarkowana sztywno\u015b\u0107.<\/p>\n","protected":false},"featured_media":471,"comment_status":"open","ping_status":"closed","template":"","meta":[],"product_brand":[],"product_cat":[19],"product_tag":[],"class_list":{"0":"post-243","1":"product","2":"type-product","3":"status-publish","4":"has-post-thumbnail","6":"product_cat-ule","8":"first","9":"outofstock","10":"taxable","11":"shipping-taxable","12":"purchasable","13":"product-type-simple"},"_links":{"self":[{"href":"https:\/\/www.grajos.pl\/index.php\/wp-json\/wp\/v2\/product\/243","targetHints":{"allow":["GET"]}}],"collection":[{"href":"https:\/\/www.grajos.pl\/index.php\/wp-json\/wp\/v2\/product"}],"about":[{"href":"https:\/\/www.grajos.pl\/index.php\/wp-json\/wp\/v2\/types\/product"}],"replies":[{"embeddable":true,"href":"https:\/\/www.grajos.pl\/index.php\/wp-json\/wp\/v2\/comments?post=243"}],"wp:featuredmedia":[{"embeddable":true,"href":"https:\/\/www.grajos.pl\/index.php\/wp-json\/wp\/v2\/media\/471"}],"wp:attachment":[{"href":"https:\/\/www.grajos.pl\/index.php\/wp-json\/wp\/v2\/media?parent=243"}],"wp:term":[{"taxonomy":"product_brand","embeddable":true,"href":"https:\/\/www.grajos.pl\/index.php\/wp-json\/wp\/v2\/product_brand?post=243"},{"taxonomy":"product_cat","embeddable":true,"href":"https:\/\/www.grajos.pl\/index.php\/wp-json\/wp\/v2\/product_cat?post=243"},{"taxonomy":"product_tag","embeddable":true,"href":"https:\/\/www.grajos.pl\/index.php\/wp-json\/wp\/v2\/product_tag?post=243"}],"curies":[{"name":"wp","href":"https:\/\/api.w.org\/{rel}","templated":true}]}}