{"id":266,"date":"2021-01-09T16:56:29","date_gmt":"2021-01-09T16:56:29","guid":{"rendered":"http:\/\/www.grajos.pl\/?post_type=product&#038;p=266"},"modified":"2026-02-01T12:35:38","modified_gmt":"2026-02-01T12:35:38","slug":"sloik-mis-280ml-z-zakrywka","status":"publish","type":"product","link":"https:\/\/www.grajos.pl\/index.php\/produkt\/sloik-mis-280ml-z-zakrywka\/","title":{"rendered":"S\u0142oik Mi\u015b 280ml z zakrywk\u0105"},"content":{"rendered":"<div class=\"prod-list-b block srs\" data-sr-id=\"3\">\n<div><strong>Odbi\u00f3r osobisty lub dostawa do uzgodnienia (prosimy o kontakt przed z\u0142o\u017ceniem zam\u00f3wienia).<\/strong><\/div>\n<div class=\"prod-list-b-inf f-14 l-25 f-bold float\">Pojemno\u015b\u0107 s\u0142oika wynosi 280 ml, wysoko\u015b\u0107 115 mm, idealnie nadaje si\u0119 na prezent. Posiada atest PZH do kontaktu z \u017cywno\u015bci\u0105.<\/div>\n<div><\/div>\n<\/div>\n<p>&nbsp;<\/p>\n<p>&nbsp;<\/p>\n","protected":false},"excerpt":{"rendered":"<p>&nbsp;<\/p>\n<p>&nbsp;<\/p>\n<p>&nbsp;<\/p>\n","protected":false},"featured_media":465,"comment_status":"open","ping_status":"closed","template":"","meta":[],"product_brand":[],"product_cat":[28],"product_tag":[],"class_list":{"0":"post-266","1":"product","2":"type-product","3":"status-publish","4":"has-post-thumbnail","6":"product_cat-sloiki-nakretki-etykiety","8":"first","9":"instock","10":"taxable","11":"shipping-taxable","12":"purchasable","13":"product-type-simple"},"_links":{"self":[{"href":"https:\/\/www.grajos.pl\/index.php\/wp-json\/wp\/v2\/product\/266","targetHints":{"allow":["GET"]}}],"collection":[{"href":"https:\/\/www.grajos.pl\/index.php\/wp-json\/wp\/v2\/product"}],"about":[{"href":"https:\/\/www.grajos.pl\/index.php\/wp-json\/wp\/v2\/types\/product"}],"replies":[{"embeddable":true,"href":"https:\/\/www.grajos.pl\/index.php\/wp-json\/wp\/v2\/comments?post=266"}],"wp:featuredmedia":[{"embeddable":true,"href":"https:\/\/www.grajos.pl\/index.php\/wp-json\/wp\/v2\/media\/465"}],"wp:attachment":[{"href":"https:\/\/www.grajos.pl\/index.php\/wp-json\/wp\/v2\/media?parent=266"}],"wp:term":[{"taxonomy":"product_brand","embeddable":true,"href":"https:\/\/www.grajos.pl\/index.php\/wp-json\/wp\/v2\/product_brand?post=266"},{"taxonomy":"product_cat","embeddable":true,"href":"https:\/\/www.grajos.pl\/index.php\/wp-json\/wp\/v2\/product_cat?post=266"},{"taxonomy":"product_tag","embeddable":true,"href":"https:\/\/www.grajos.pl\/index.php\/wp-json\/wp\/v2\/product_tag?post=266"}],"curies":[{"name":"wp","href":"https:\/\/api.w.org\/{rel}","templated":true}]}}