{"id":372,"date":"2021-01-17T16:14:55","date_gmt":"2021-01-17T16:14:55","guid":{"rendered":"https:\/\/www.grajos.pl\/?post_type=product&#038;p=372"},"modified":"2025-07-23T08:27:54","modified_gmt":"2025-07-23T08:27:54","slug":"powalka-wielkopolska-malowana","status":"publish","type":"product","link":"https:\/\/www.grajos.pl\/index.php\/produkt\/powalka-wielkopolska-malowana\/","title":{"rendered":"Powa\u0142ka wielkopolska malowana"},"content":{"rendered":"<p>Powa\u0142ka wielkopolska malowana, wymiary 44,5cmx44,5cm, wysoko\u015b\u0107 4,8cm, szeroko\u015b\u0107 wr\u0119g\u00f3w 1,2cm.<\/p>\n<p>Produkt dost\u0119pny na refundacj\u0119.<\/p>\n","protected":false},"excerpt":{"rendered":"<p>Powa\u0142ka wielkopolska malowana, wymiary 44,5cmx44,5cm, wysoko\u015b\u0107 4,8cm, szeroko\u015b\u0107 wr\u0119g\u00f3w 1,2cm. Produkt dost\u0119pny na refundacj\u0119.<\/p>\n","protected":false},"featured_media":560,"comment_status":"open","ping_status":"closed","template":"","meta":[],"product_brand":[],"product_cat":[19],"product_tag":[],"class_list":{"0":"post-372","1":"product","2":"type-product","3":"status-publish","4":"has-post-thumbnail","6":"product_cat-ule","8":"first","9":"instock","10":"taxable","11":"shipping-taxable","12":"purchasable","13":"product-type-simple"},"_links":{"self":[{"href":"https:\/\/www.grajos.pl\/index.php\/wp-json\/wp\/v2\/product\/372","targetHints":{"allow":["GET"]}}],"collection":[{"href":"https:\/\/www.grajos.pl\/index.php\/wp-json\/wp\/v2\/product"}],"about":[{"href":"https:\/\/www.grajos.pl\/index.php\/wp-json\/wp\/v2\/types\/product"}],"replies":[{"embeddable":true,"href":"https:\/\/www.grajos.pl\/index.php\/wp-json\/wp\/v2\/comments?post=372"}],"wp:featuredmedia":[{"embeddable":true,"href":"https:\/\/www.grajos.pl\/index.php\/wp-json\/wp\/v2\/media\/560"}],"wp:attachment":[{"href":"https:\/\/www.grajos.pl\/index.php\/wp-json\/wp\/v2\/media?parent=372"}],"wp:term":[{"taxonomy":"product_brand","embeddable":true,"href":"https:\/\/www.grajos.pl\/index.php\/wp-json\/wp\/v2\/product_brand?post=372"},{"taxonomy":"product_cat","embeddable":true,"href":"https:\/\/www.grajos.pl\/index.php\/wp-json\/wp\/v2\/product_cat?post=372"},{"taxonomy":"product_tag","embeddable":true,"href":"https:\/\/www.grajos.pl\/index.php\/wp-json\/wp\/v2\/product_tag?post=372"}],"curies":[{"name":"wp","href":"https:\/\/api.w.org\/{rel}","templated":true}]}}