{"id":385,"date":"2021-01-18T19:43:05","date_gmt":"2021-01-18T19:43:05","guid":{"rendered":"https:\/\/www.grajos.pl\/?post_type=product&#038;p=385"},"modified":"2025-07-21T09:16:40","modified_gmt":"2025-07-21T09:16:40","slug":"apifood-wiaderko-15kg","status":"publish","type":"product","link":"https:\/\/www.grajos.pl\/index.php\/produkt\/apifood-wiaderko-15kg\/","title":{"rendered":"Apifood wiaderko 15kg"},"content":{"rendered":"<div>Gotowy produkt do podania pszczo\u0142om, nie trzeba rozpuszcza\u0107, miesza\u0107, podgrzewa\u0107.<\/div>\n<div>Dzi\u0119ki odpowiednio dobranemu stosunkowi fruktozy i pozosta\u0142ych cukr\u00f3w Apifood mimo wysokiej suchej masy \u0142atwo si\u0119 nalewa do podkarmiaczek.<\/div>\n<div>\n<div>Ponad 60% w sk\u0142adzie to cukry proste, pozosta\u0142e cukry znajduj\u0105ce si\u0119 w syropie Apifood rozk\u0142adane s\u0105 do cukr\u00f3w prostych w trakcie sk\u0142adowania przez pszczo\u0142y w ramkach.<\/div>\n<div>Dzi\u0119ki wysokiej zawarto\u015bci suchej masy (78%) Apifood nie zmusza pszcz\u00f3\u0142 do odparowywania du\u017cych ilo\u015bci wody, na co potrzebna jest energia pochodz\u0105ca z pokarmu, pszczo\u0142y odpowiednio uk\u0142adaj\u0105 pokarm w ramkach.<\/div>\n<div>\n<p>Sk\u0142ad:<\/p>\n<p>Sucha masa: \u00a0\u00a0\u00a0\u00a0\u00a0\u00a077-79 %<\/p>\n<p>Fruktoza w s.m. 25-28 %<\/p>\n<p>Glukoza w s.m.\u00a0 30-37%<\/p>\n<p>Maltoza w s.m.\u00a0\u00a0 17-24%<\/p>\n<p>Wysy\u0142ka tylko na palecie, maksymalnie 660kg &#8211; koszt dostawy 150 z\u0142,\u00a0 lub po konsultacji telefonicznej.<\/p>\n<\/div>\n<\/div>\n<p>&nbsp;<\/p>\n<p>&nbsp;<\/p>\n<p>&nbsp;<\/p>\n","protected":false},"excerpt":{"rendered":"<p>&nbsp;<\/p>\n<p>&nbsp;<\/p>\n<p>&nbsp;<\/p>\n<p>&nbsp;<\/p>\n","protected":false},"featured_media":455,"comment_status":"open","ping_status":"closed","template":"","meta":[],"product_brand":[],"product_cat":[25,21],"product_tag":[],"class_list":{"0":"post-385","1":"product","2":"type-product","3":"status-publish","4":"has-post-thumbnail","6":"product_cat-pokarmy","7":"product_cat-wychow-matek","9":"first","10":"onbackorder","11":"taxable","12":"shipping-taxable","13":"purchasable","14":"product-type-simple"},"_links":{"self":[{"href":"https:\/\/www.grajos.pl\/index.php\/wp-json\/wp\/v2\/product\/385","targetHints":{"allow":["GET"]}}],"collection":[{"href":"https:\/\/www.grajos.pl\/index.php\/wp-json\/wp\/v2\/product"}],"about":[{"href":"https:\/\/www.grajos.pl\/index.php\/wp-json\/wp\/v2\/types\/product"}],"replies":[{"embeddable":true,"href":"https:\/\/www.grajos.pl\/index.php\/wp-json\/wp\/v2\/comments?post=385"}],"wp:featuredmedia":[{"embeddable":true,"href":"https:\/\/www.grajos.pl\/index.php\/wp-json\/wp\/v2\/media\/455"}],"wp:attachment":[{"href":"https:\/\/www.grajos.pl\/index.php\/wp-json\/wp\/v2\/media?parent=385"}],"wp:term":[{"taxonomy":"product_brand","embeddable":true,"href":"https:\/\/www.grajos.pl\/index.php\/wp-json\/wp\/v2\/product_brand?post=385"},{"taxonomy":"product_cat","embeddable":true,"href":"https:\/\/www.grajos.pl\/index.php\/wp-json\/wp\/v2\/product_cat?post=385"},{"taxonomy":"product_tag","embeddable":true,"href":"https:\/\/www.grajos.pl\/index.php\/wp-json\/wp\/v2\/product_tag?post=385"}],"curies":[{"name":"wp","href":"https:\/\/api.w.org\/{rel}","templated":true}]}}