{"id":808,"date":"2023-01-09T20:45:16","date_gmt":"2023-01-09T20:45:16","guid":{"rendered":"https:\/\/www.grajos.pl\/?post_type=product&#038;p=808"},"modified":"2026-02-10T20:49:20","modified_gmt":"2026-02-10T20:49:20","slug":"ciasto-z-pylkiem-1kg","status":"publish","type":"product","link":"https:\/\/www.grajos.pl\/index.php\/produkt\/ciasto-z-pylkiem-1kg\/","title":{"rendered":"Ciasto z py\u0142kiem 1kg"},"content":{"rendered":"<p>Opakowanie zawiera 1 kg pokarmu.<\/p>\n","protected":false},"excerpt":{"rendered":"<p>Sk\u0142ad:<br \/>\nGlukoza: 50% \u2013 Natychmiastowa dawka energii wspieraj\u0105ca aktywno\u015b\u0107 pszcz\u00f3\u0142.<br \/>\nFruktoza: 45% \u2013 Naturalny cukier idealny dla metabolizmu pszcz\u00f3\u0142, wyst\u0119puj\u0105cy tak\u017ce w miodzie.<br \/>\nSacharoza i pozosta\u0142e cukry: 5% \u2013 Dodatkowe \u017ar\u00f3d\u0142o energii w odpowiednich proporcjach.<br \/>\nPy\u0142ek pszczeli: 8% \u2013 Naturalne \u017ar\u00f3d\u0142o bia\u0142ka, aminokwas\u00f3w i substancji od\u017cywczych, wspieraj\u0105ce rozw\u00f3j i witalno\u015b\u0107 rodzin pszczelich.<br \/>\nZawarto\u015b\u0107 sk\u0142adnik\u00f3w analitycznych:<br \/>\nBia\u0142ko surowe: 7% \u2013 Kluczowe dla rozwoju czerwiu i wzmacniania kondycji pszcz\u00f3\u0142.<br \/>\nS\u00f3d: 1% \u2013 Wspomaga gospodark\u0119 wodno-elektrolitow\u0105 pszcz\u00f3\u0142.<br \/>\nKompozycja witamin (0,25%):<br \/>\nA: 5000 IU\/kg<br \/>\nD3: 1000 IU\/kg<br \/>\nE: 1,25 mg\/kg<br \/>\nK3: 3,75 mg\/kg<br \/>\nB1, B2, B6, B12<br \/>\nC: 10 mg\/kg<br \/>\nNiacyna i kwas pantotenowy<br \/>\nCiasto zachowuje form\u0119 nawet w trudnych warunkach, dzi\u0119ki czemu jest \u0142atwe w aplikacji i nie powoduje strat.<br \/>\nIdealne na pobudzanie i odbudow\u0119 rodzin pszczelich<br \/>\nBogaty sk\u0142ad energetyczno-bia\u0142kowy sprawia, \u017ce ciasto jest doskona\u0142e w okresach bez po\u017cytkowych oraz w czasie intensywnego rozwoju pszcz\u00f3\u0142.<br \/>\nS\u0142u\u017cy g\u0142\u00f3wnie do podkarmiania wczesnowiosennego oraz jako dokarmianie.<\/p>\n<p>Opakowanie zawiera 1 kg pokarmu.<\/p>\n","protected":false},"featured_media":986,"comment_status":"open","ping_status":"closed","template":"","meta":[],"product_brand":[],"product_cat":[25,21],"product_tag":[],"class_list":{"0":"post-808","1":"product","2":"type-product","3":"status-publish","4":"has-post-thumbnail","6":"product_cat-pokarmy","7":"product_cat-wychow-matek","9":"first","10":"instock","11":"purchasable","12":"product-type-simple"},"_links":{"self":[{"href":"https:\/\/www.grajos.pl\/index.php\/wp-json\/wp\/v2\/product\/808","targetHints":{"allow":["GET"]}}],"collection":[{"href":"https:\/\/www.grajos.pl\/index.php\/wp-json\/wp\/v2\/product"}],"about":[{"href":"https:\/\/www.grajos.pl\/index.php\/wp-json\/wp\/v2\/types\/product"}],"replies":[{"embeddable":true,"href":"https:\/\/www.grajos.pl\/index.php\/wp-json\/wp\/v2\/comments?post=808"}],"wp:featuredmedia":[{"embeddable":true,"href":"https:\/\/www.grajos.pl\/index.php\/wp-json\/wp\/v2\/media\/986"}],"wp:attachment":[{"href":"https:\/\/www.grajos.pl\/index.php\/wp-json\/wp\/v2\/media?parent=808"}],"wp:term":[{"taxonomy":"product_brand","embeddable":true,"href":"https:\/\/www.grajos.pl\/index.php\/wp-json\/wp\/v2\/product_brand?post=808"},{"taxonomy":"product_cat","embeddable":true,"href":"https:\/\/www.grajos.pl\/index.php\/wp-json\/wp\/v2\/product_cat?post=808"},{"taxonomy":"product_tag","embeddable":true,"href":"https:\/\/www.grajos.pl\/index.php\/wp-json\/wp\/v2\/product_tag?post=808"}],"curies":[{"name":"wp","href":"https:\/\/api.w.org\/{rel}","templated":true}]}}