{"id":98,"date":"2021-01-01T18:07:05","date_gmt":"2021-01-01T18:07:05","guid":{"rendered":"http:\/\/www.grajos.pl\/?post_type=product&#038;p=98"},"modified":"2023-09-13T06:05:39","modified_gmt":"2023-09-13T06:05:39","slug":"klateczka-wysylkowa","status":"publish","type":"product","link":"https:\/\/www.grajos.pl\/index.php\/produkt\/klateczka-wysylkowa\/","title":{"rendered":"Klateczka wysy\u0142kowa"},"content":{"rendered":"<p>&nbsp;<\/p>\n<p>Klateczka wysy\u0142kowa, plastikowa.<\/p>\n<ul>\n<li>Nowa, lepsza konstrukcja<\/li>\n<li>Mo\u017cliwo\u015b\u0107 \u0142\u0105czenia klateczek<\/li>\n<li>Kolor mo\u017ce r\u00f3\u017cni\u0107 si\u0119 ze wzgl\u0119du na parti\u0119 produktu<\/li>\n<\/ul>\n","protected":false},"excerpt":{"rendered":"<p>&nbsp;<\/p>\n<p>&nbsp;<\/p>\n","protected":false},"featured_media":429,"comment_status":"open","ping_status":"closed","template":"","meta":[],"product_brand":[],"product_cat":[26,21],"product_tag":[],"class_list":{"0":"post-98","1":"product","2":"type-product","3":"status-publish","4":"has-post-thumbnail","6":"product_cat-drobny-sprzet","7":"product_cat-wychow-matek","9":"first","10":"instock","11":"taxable","12":"shipping-taxable","13":"purchasable","14":"product-type-simple"},"_links":{"self":[{"href":"https:\/\/www.grajos.pl\/index.php\/wp-json\/wp\/v2\/product\/98","targetHints":{"allow":["GET"]}}],"collection":[{"href":"https:\/\/www.grajos.pl\/index.php\/wp-json\/wp\/v2\/product"}],"about":[{"href":"https:\/\/www.grajos.pl\/index.php\/wp-json\/wp\/v2\/types\/product"}],"replies":[{"embeddable":true,"href":"https:\/\/www.grajos.pl\/index.php\/wp-json\/wp\/v2\/comments?post=98"}],"wp:featuredmedia":[{"embeddable":true,"href":"https:\/\/www.grajos.pl\/index.php\/wp-json\/wp\/v2\/media\/429"}],"wp:attachment":[{"href":"https:\/\/www.grajos.pl\/index.php\/wp-json\/wp\/v2\/media?parent=98"}],"wp:term":[{"taxonomy":"product_brand","embeddable":true,"href":"https:\/\/www.grajos.pl\/index.php\/wp-json\/wp\/v2\/product_brand?post=98"},{"taxonomy":"product_cat","embeddable":true,"href":"https:\/\/www.grajos.pl\/index.php\/wp-json\/wp\/v2\/product_cat?post=98"},{"taxonomy":"product_tag","embeddable":true,"href":"https:\/\/www.grajos.pl\/index.php\/wp-json\/wp\/v2\/product_tag?post=98"}],"curies":[{"name":"wp","href":"https:\/\/api.w.org\/{rel}","templated":true}]}}